{"id":31,"date":"2025-03-20T14:15:47","date_gmt":"2025-03-20T14:15:47","guid":{"rendered":"https:\/\/flowttforte.com.br\/?page_id=31"},"modified":"2025-07-02T00:25:29","modified_gmt":"2025-07-02T00:25:29","slug":"produtos","status":"publish","type":"page","link":"https:\/\/flowttforte.com.br\/?page_id=31","title":{"rendered":"Produtos"},"content":{"rendered":"<h3><img loading=\"lazy\" decoding=\"async\" class=\"wp-image-150 size-medium alignleft\" src=\"https:\/\/flowttforte.com.br\/wp-content\/uploads\/2025\/07\/Imagem1-300x300.png\" alt=\"\" width=\"300\" height=\"300\" srcset=\"https:\/\/flowttforte.com.br\/wp-content\/uploads\/2025\/07\/Imagem1-300x300.png 300w, https:\/\/flowttforte.com.br\/wp-content\/uploads\/2025\/07\/Imagem1-150x150.png 150w, https:\/\/flowttforte.com.br\/wp-content\/uploads\/2025\/07\/Imagem1.png 567w\" sizes=\"auto, (max-width: 300px) 100vw, 300px\" \/><b><\/b><strong><span style=\"color: #ffffff;\">\u2192\u00a0 FLANGES<\/span><\/strong><\/h3>\n<p>&nbsp;<\/p>\n<p><span style=\"color: #ffffff;\">Flanges s\u00e3o componentes mec\u00e2nicos cruciais para a conex\u00e3o e desconex\u00e3o de tubula\u00e7\u00f5es, v\u00e1lvulas e equipamentos em sistemas industriais. Fabricados em diversos materiais (a\u00e7o, inox, etc.) e seguindo normas espec\u00edficas, garantem a veda\u00e7\u00e3o e a integridade das uni\u00f5es, suportando diferentes condi\u00e7\u00f5es de press\u00e3o e temperatura atrav\u00e9s do uso de juntas.<\/span><\/p>\n","protected":false},"excerpt":{"rendered":"<p>\u2192\u00a0 FLANGES &nbsp; Flanges s\u00e3o componentes mec\u00e2nicos cruciais para a conex\u00e3o e desconex\u00e3o de tubula\u00e7\u00f5es, v\u00e1lvulas e equipamentos em sistemas [&hellip;]<\/p>\n","protected":false},"author":1,"featured_media":65,"parent":0,"menu_order":0,"comment_status":"closed","ping_status":"closed","template":"","meta":{"site-sidebar-layout":"default","site-content-layout":"","ast-site-content-layout":"default","site-content-style":"default","site-sidebar-style":"default","ast-global-header-display":"","ast-banner-title-visibility":"","ast-main-header-display":"","ast-hfb-above-header-display":"","ast-hfb-below-header-display":"","ast-hfb-mobile-header-display":"","site-post-title":"","ast-breadcrumbs-content":"","ast-featured-img":"","footer-sml-layout":"","theme-transparent-header-meta":"default","adv-header-id-meta":"","stick-header-meta":"","header-above-stick-meta":"","header-main-stick-meta":"","header-below-stick-meta":"","astra-migrate-meta-layouts":"set","ast-page-background-enabled":"default","ast-page-background-meta":{"desktop":{"background-color":"var(--ast-global-color-5)","background-image":"","background-repeat":"repeat","background-position":"center center","background-size":"auto","background-attachment":"scroll","background-type":"","background-media":"","overlay-type":"","overlay-color":"","overlay-opacity":"","overlay-gradient":""},"tablet":{"background-color":"","background-image":"","background-repeat":"repeat","background-position":"center center","background-size":"auto","background-attachment":"scroll","background-type":"","background-media":"","overlay-type":"","overlay-color":"","overlay-opacity":"","overlay-gradient":""},"mobile":{"background-color":"","background-image":"","background-repeat":"repeat","background-position":"center center","background-size":"auto","background-attachment":"scroll","background-type":"","background-media":"","overlay-type":"","overlay-color":"","overlay-opacity":"","overlay-gradient":""}},"ast-content-background-meta":{"desktop":{"background-color":"var(--ast-global-color-4)","background-image":"","background-repeat":"repeat","background-position":"center center","background-size":"auto","background-attachment":"scroll","background-type":"","background-media":"","overlay-type":"","overlay-color":"","overlay-opacity":"","overlay-gradient":""},"tablet":{"background-color":"var(--ast-global-color-4)","background-image":"","background-repeat":"repeat","background-position":"center center","background-size":"auto","background-attachment":"scroll","background-type":"","background-media":"","overlay-type":"","overlay-color":"","overlay-opacity":"","overlay-gradient":""},"mobile":{"background-color":"var(--ast-global-color-4)","background-image":"","background-repeat":"repeat","background-position":"center center","background-size":"auto","background-attachment":"scroll","background-type":"","background-media":"","overlay-type":"","overlay-color":"","overlay-opacity":"","overlay-gradient":""}},"footnotes":""},"class_list":["post-31","page","type-page","status-publish","has-post-thumbnail","hentry"],"_links":{"self":[{"href":"https:\/\/flowttforte.com.br\/index.php?rest_route=\/wp\/v2\/pages\/31","targetHints":{"allow":["GET"]}}],"collection":[{"href":"https:\/\/flowttforte.com.br\/index.php?rest_route=\/wp\/v2\/pages"}],"about":[{"href":"https:\/\/flowttforte.com.br\/index.php?rest_route=\/wp\/v2\/types\/page"}],"author":[{"embeddable":true,"href":"https:\/\/flowttforte.com.br\/index.php?rest_route=\/wp\/v2\/users\/1"}],"replies":[{"embeddable":true,"href":"https:\/\/flowttforte.com.br\/index.php?rest_route=%2Fwp%2Fv2%2Fcomments&post=31"}],"version-history":[{"count":5,"href":"https:\/\/flowttforte.com.br\/index.php?rest_route=\/wp\/v2\/pages\/31\/revisions"}],"predecessor-version":[{"id":151,"href":"https:\/\/flowttforte.com.br\/index.php?rest_route=\/wp\/v2\/pages\/31\/revisions\/151"}],"wp:featuredmedia":[{"embeddable":true,"href":"https:\/\/flowttforte.com.br\/index.php?rest_route=\/wp\/v2\/media\/65"}],"wp:attachment":[{"href":"https:\/\/flowttforte.com.br\/index.php?rest_route=%2Fwp%2Fv2%2Fmedia&parent=31"}],"curies":[{"name":"wp","href":"https:\/\/api.w.org\/{rel}","templated":true}]}}