{"id":85,"date":"2025-03-20T16:28:44","date_gmt":"2025-03-20T16:28:44","guid":{"rendered":"https:\/\/flowttforte.com.br\/?page_id=85"},"modified":"2025-07-01T23:50:45","modified_gmt":"2025-07-01T23:50:45","slug":"home","status":"publish","type":"page","link":"https:\/\/flowttforte.com.br\/","title":{"rendered":"Home"},"content":{"rendered":"<div>[smartslider3 slider=2]<\/div>\n<h3 style=\"text-align: center;\"><span style=\"color: #ffffff;\">A Flowttforte foi inaugurada em 2005, com o objetivo de atender o mercado como um todo no segmento de conex\u00f5es, valvulas e acessorios industriais. Com o desenvolver do nosso trabalho nos fomos nos especializando fornecendo produtos para o segmento de conforto termico. Tudo que voc\u00ea precisar para fechamento de bombas, chillers e fool coils para sua obra n\u00f3s temos aqui na nossa empresa com uma dos melhores pre\u00e7os do mercado e uma qualidade superior para garantir um produto final da sua obra.<\/span><\/h3>\n<p><img loading=\"lazy\" decoding=\"async\" class=\"alignnone wp-image-76 aligncenter\" src=\"https:\/\/flowttforte.com.br\/wp-content\/uploads\/2016\/05\/unnamed-1-560x361-1-300x193.png\" alt=\"\" width=\"680\" height=\"437\" srcset=\"https:\/\/flowttforte.com.br\/wp-content\/uploads\/2016\/05\/unnamed-1-560x361-1-300x193.png 300w, https:\/\/flowttforte.com.br\/wp-content\/uploads\/2016\/05\/unnamed-1-560x361-1.png 560w\" sizes=\"auto, (max-width: 680px) 100vw, 680px\" \/><\/p>\n<p>&nbsp;<\/p>\n","protected":false},"excerpt":{"rendered":"<p>[smartslider3 slider=2] A Flowttforte foi inaugurada em 2005, com o objetivo de atender o mercado como um todo no segmento [&hellip;]<\/p>\n","protected":false},"author":1,"featured_media":0,"parent":0,"menu_order":0,"comment_status":"closed","ping_status":"closed","template":"","meta":{"site-sidebar-layout":"default","site-content-layout":"","ast-site-content-layout":"default","site-content-style":"default","site-sidebar-style":"default","ast-global-header-display":"","ast-banner-title-visibility":"","ast-main-header-display":"","ast-hfb-above-header-display":"","ast-hfb-below-header-display":"","ast-hfb-mobile-header-display":"","site-post-title":"","ast-breadcrumbs-content":"","ast-featured-img":"","footer-sml-layout":"","theme-transparent-header-meta":"default","adv-header-id-meta":"","stick-header-meta":"","header-above-stick-meta":"","header-main-stick-meta":"","header-below-stick-meta":"","astra-migrate-meta-layouts":"set","ast-page-background-enabled":"default","ast-page-background-meta":{"desktop":{"background-color":"var(--ast-global-color-5)","background-image":"","background-repeat":"repeat","background-position":"center center","background-size":"auto","background-attachment":"scroll","background-type":"","background-media":"","overlay-type":"","overlay-color":"","overlay-opacity":"","overlay-gradient":""},"tablet":{"background-color":"","background-image":"","background-repeat":"repeat","background-position":"center center","background-size":"auto","background-attachment":"scroll","background-type":"","background-media":"","overlay-type":"","overlay-color":"","overlay-opacity":"","overlay-gradient":""},"mobile":{"background-color":"","background-image":"","background-repeat":"repeat","background-position":"center center","background-size":"auto","background-attachment":"scroll","background-type":"","background-media":"","overlay-type":"","overlay-color":"","overlay-opacity":"","overlay-gradient":""}},"ast-content-background-meta":{"desktop":{"background-color":"var(--ast-global-color-4)","background-image":"","background-repeat":"repeat","background-position":"center center","background-size":"auto","background-attachment":"scroll","background-type":"","background-media":"","overlay-type":"","overlay-color":"","overlay-opacity":"","overlay-gradient":""},"tablet":{"background-color":"var(--ast-global-color-4)","background-image":"","background-repeat":"repeat","background-position":"center center","background-size":"auto","background-attachment":"scroll","background-type":"","background-media":"","overlay-type":"","overlay-color":"","overlay-opacity":"","overlay-gradient":""},"mobile":{"background-color":"var(--ast-global-color-4)","background-image":"","background-repeat":"repeat","background-position":"center center","background-size":"auto","background-attachment":"scroll","background-type":"","background-media":"","overlay-type":"","overlay-color":"","overlay-opacity":"","overlay-gradient":""}},"footnotes":""},"class_list":["post-85","page","type-page","status-publish","hentry"],"_links":{"self":[{"href":"https:\/\/flowttforte.com.br\/index.php?rest_route=\/wp\/v2\/pages\/85","targetHints":{"allow":["GET"]}}],"collection":[{"href":"https:\/\/flowttforte.com.br\/index.php?rest_route=\/wp\/v2\/pages"}],"about":[{"href":"https:\/\/flowttforte.com.br\/index.php?rest_route=\/wp\/v2\/types\/page"}],"author":[{"embeddable":true,"href":"https:\/\/flowttforte.com.br\/index.php?rest_route=\/wp\/v2\/users\/1"}],"replies":[{"embeddable":true,"href":"https:\/\/flowttforte.com.br\/index.php?rest_route=%2Fwp%2Fv2%2Fcomments&post=85"}],"version-history":[{"count":8,"href":"https:\/\/flowttforte.com.br\/index.php?rest_route=\/wp\/v2\/pages\/85\/revisions"}],"predecessor-version":[{"id":141,"href":"https:\/\/flowttforte.com.br\/index.php?rest_route=\/wp\/v2\/pages\/85\/revisions\/141"}],"wp:attachment":[{"href":"https:\/\/flowttforte.com.br\/index.php?rest_route=%2Fwp%2Fv2%2Fmedia&parent=85"}],"curies":[{"name":"wp","href":"https:\/\/api.w.org\/{rel}","templated":true}]}}